{"id":4067,"date":"2023-11-09T17:09:52","date_gmt":"2023-11-09T15:09:52","guid":{"rendered":"https:\/\/hairymag.com\/points-of-sale\/"},"modified":"2024-10-30T15:42:44","modified_gmt":"2024-10-30T13:42:44","slug":"points-of-sale","status":"publish","type":"page","link":"https:\/\/hairymag.com\/en\/points-of-sale\/","title":{"rendered":"POINTS OF SALE"},"content":{"rendered":"\t\t<div data-elementor-type=\"wp-page\" data-elementor-id=\"4067\" class=\"elementor elementor-4067 elementor-4034\" data-elementor-post-type=\"page\">\n\t\t\t\t\t\t<section class=\"elementor-section elementor-top-section elementor-element elementor-element-ffaf2dc elementor-section-boxed elementor-section-height-default elementor-section-height-default\" data-id=\"ffaf2dc\" data-element_type=\"section\" data-e-type=\"section\">\n\t\t\t\t\t\t<div class=\"elementor-container elementor-column-gap-default\">\n\t\t\t\t\t<div class=\"elementor-column elementor-col-100 elementor-top-column elementor-element elementor-element-54b5d05\" data-id=\"54b5d05\" data-element_type=\"column\" data-e-type=\"column\">\n\t\t\t<div class=\"elementor-widget-wrap elementor-element-populated\">\n\t\t\t\t\t\t<div class=\"elementor-element elementor-element-dec161f elementor-widget elementor-widget-heading\" data-id=\"dec161f\" data-element_type=\"widget\" data-e-type=\"widget\" data-widget_type=\"heading.default\">\n\t\t\t\t<div class=\"elementor-widget-container\">\n\t\t\t\t\t<h2 class=\"elementor-heading-title elementor-size-default\">POINTS OF SALE<\/h2>\t\t\t\t<\/div>\n\t\t\t\t<\/div>\n\t\t\t\t<div class=\"elementor-element elementor-element-652fe94 elementor-widget elementor-widget-text-editor\" data-id=\"652fe94\" data-element_type=\"widget\" data-e-type=\"widget\" data-widget_type=\"text-editor.default\">\n\t\t\t\t<div class=\"elementor-widget-container\">\n\t\t\t\t\t\t\t\t\t<p>Check here the list of libraries and physical stores where you can buy a copy of HAIRY MAGAZINE.<\/p>\n\t\t\t\t\t\t\t\t<\/div>\n\t\t\t\t<\/div>\n\t\t\t\t\t<\/div>\n\t\t<\/div>\n\t\t\t\t\t<\/div>\n\t\t<\/section>\n\t\t\t\t<section class=\"elementor-section elementor-top-section elementor-element elementor-element-7ad8b23 elementor-section-boxed elementor-section-height-default elementor-section-height-default\" data-id=\"7ad8b23\" data-element_type=\"section\" data-e-type=\"section\">\n\t\t\t\t\t\t<div class=\"elementor-container elementor-column-gap-default\">\n\t\t\t\t\t<div class=\"elementor-column elementor-col-33 elementor-top-column elementor-element elementor-element-1a83131\" data-id=\"1a83131\" data-element_type=\"column\" data-e-type=\"column\">\n\t\t\t<div class=\"elementor-widget-wrap elementor-element-populated\">\n\t\t\t\t\t\t<div class=\"elementor-element elementor-element-d1516f6 elementor-widget elementor-widget-heading\" data-id=\"d1516f6\" data-element_type=\"widget\" data-e-type=\"widget\" data-widget_type=\"heading.default\">\n\t\t\t\t<div class=\"elementor-widget-container\">\n\t\t\t\t\t<h2 class=\"elementor-heading-title elementor-size-default\">BARCELONA<\/h2>\t\t\t\t<\/div>\n\t\t\t\t<\/div>\n\t\t\t\t<div class=\"elementor-element elementor-element-76a5c17 elementor-widget elementor-widget-text-editor\" data-id=\"76a5c17\" data-element_type=\"widget\" data-e-type=\"widget\" data-widget_type=\"text-editor.default\">\n\t\t\t\t<div class=\"elementor-widget-container\">\n\t\t\t\t\t\t\t\t\t<p><a href=\"https:\/\/www.instagram.com\/libreria_free_time\/?hl=es\"><strong>LLIBRERIA FREE TIME<\/strong><\/a><br \/>Carrer del Comte d&#8217;Urgell, 32, 08011 Barcelona<\/p>\n<p><a href=\"https:\/\/www.antinouslibros.com\/catalog\/\"><strong>LIBRERIA ANTINOUS<\/strong><\/a><br \/>Carrer de Casanova, 72, 08011 Barcelona<\/p>\n<p><a href=\"https:\/\/www.oddkiosk.com\/\"><strong>ODD KIOSK<\/strong><\/a><br \/>Carrer de Val\u00e8ncia, 222, 08011 Barcelona<\/p>\n<p><a href=\"https:\/\/www.prole.cat\/\"><strong>LIBRER\u00cdA PROLE<\/strong><\/a><br \/>Carrer del Comte Borrell, 100, 08015 Barcelona<\/p>\n<p><a href=\"https:\/\/www.llibreriafinestres.com\/es\/home\/\"><strong>FINESTRES<\/strong><\/a><br \/>Carrer de la Diputaci\u00f3, 249, 08007 Barcelona<\/p>\n<p><a href=\"https:\/\/www.arkhamcoffeeandcomics.com\/\"><strong>ARKHAM COMICS<\/strong><\/a><br \/>Carrer d&#8217;en Xucl\u00e0, 16, 08001 Barcelona<\/p>\n<p><a href=\"https:\/\/www.revelab.es\/\"><strong>REVELAB STUDIO<\/strong><\/a><br \/>Carrer d&#8217;Arag\u00f3 381-Local derecho, 08013, Barcelona<\/p>\n<p><a href=\"https:\/\/www.cccb.org\/es\/visita\/pag\/libreria-laie-cccb\/231678\"><strong>LaieCCCB<\/strong><\/a><br \/>Carrer de Montalegre, 5, 08001 Barcelona<\/p>\n\t\t\t\t\t\t\t\t<\/div>\n\t\t\t\t<\/div>\n\t\t\t\t\t<\/div>\n\t\t<\/div>\n\t\t\t\t<div class=\"elementor-column elementor-col-33 elementor-top-column elementor-element elementor-element-c1f26a4\" data-id=\"c1f26a4\" data-element_type=\"column\" data-e-type=\"column\">\n\t\t\t<div class=\"elementor-widget-wrap elementor-element-populated\">\n\t\t\t\t\t\t<div class=\"elementor-element elementor-element-74892d2 elementor-widget elementor-widget-heading\" data-id=\"74892d2\" data-element_type=\"widget\" data-e-type=\"widget\" data-widget_type=\"heading.default\">\n\t\t\t\t<div class=\"elementor-widget-container\">\n\t\t\t\t\t<h2 class=\"elementor-heading-title elementor-size-default\">MADRID<\/h2>\t\t\t\t<\/div>\n\t\t\t\t<\/div>\n\t\t\t\t<div class=\"elementor-element elementor-element-6f1ebbb elementor-widget elementor-widget-text-editor\" data-id=\"6f1ebbb\" data-element_type=\"widget\" data-e-type=\"widget\" data-widget_type=\"text-editor.default\">\n\t\t\t\t<div class=\"elementor-widget-container\">\n\t\t\t\t\t\t\t\t\t<p><a href=\"https:\/\/www.libreriaberkana.com\/\"><strong>LIBRERIA BERKANA<\/strong><\/a><br \/>Calle Hortaleza, 62, 28004 Madrid<\/p>\n<p><a href=\"https:\/\/dirtypop.es\/\"><strong>LIBRER\u00cdA DIRTY POP<\/strong><\/a><br \/>Calle Gravina, 1, LOCAL 2, 28004 Madrid<\/p>\n<p><a href=\"https:\/\/www.lifegay.com\/\"><strong>LIBRER\u00cdA A DIFFERENT LIFE<\/strong><\/a><br \/>Calle Pelayo 30, 28004 Madrid<\/p>\n<p><a href=\"https:\/\/www.grantlibreria.com\/\"><strong>GRANT Librer\u00eda<\/strong><\/a><br \/>Calle Miguel Servet 21, 28012 Madrid<\/p>\n\t\t\t\t\t\t\t\t<\/div>\n\t\t\t\t<\/div>\n\t\t\t\t\t<\/div>\n\t\t<\/div>\n\t\t\t\t<div class=\"elementor-column elementor-col-33 elementor-top-column elementor-element elementor-element-55d6bfc\" data-id=\"55d6bfc\" data-element_type=\"column\" data-e-type=\"column\">\n\t\t\t<div class=\"elementor-widget-wrap elementor-element-populated\">\n\t\t\t\t\t\t<div class=\"elementor-element elementor-element-1dcccb2 elementor-widget elementor-widget-heading\" data-id=\"1dcccb2\" data-element_type=\"widget\" data-e-type=\"widget\" data-widget_type=\"heading.default\">\n\t\t\t\t<div class=\"elementor-widget-container\">\n\t\t\t\t\t<h2 class=\"elementor-heading-title elementor-size-default\">CORDOBA (Spain)<\/h2>\t\t\t\t<\/div>\n\t\t\t\t<\/div>\n\t\t\t\t<div class=\"elementor-element elementor-element-9dd81fa elementor-widget elementor-widget-text-editor\" data-id=\"9dd81fa\" data-element_type=\"widget\" data-e-type=\"widget\" data-widget_type=\"text-editor.default\">\n\t\t\t\t<div class=\"elementor-widget-container\">\n\t\t\t\t\t\t\t\t\t<p><a href=\"https:\/\/ostin-macho.myshopify.com\/\"><strong>OSTIN MACHO<\/strong><\/a><br \/>Calle Duque de Fern\u00e1n N\u00fa\u00f1ez, 1, 14003 C\u00f3rdoba<\/p>\n\t\t\t\t\t\t\t\t<\/div>\n\t\t\t\t<\/div>\n\t\t\t\t\t<\/div>\n\t\t<\/div>\n\t\t\t\t\t<\/div>\n\t\t<\/section>\n\t\t\t\t<section class=\"elementor-section elementor-top-section elementor-element elementor-element-88ebfb3 elementor-section-boxed elementor-section-height-default elementor-section-height-default\" data-id=\"88ebfb3\" data-element_type=\"section\" data-e-type=\"section\">\n\t\t\t\t\t\t<div class=\"elementor-container elementor-column-gap-default\">\n\t\t\t\t\t<div class=\"elementor-column elementor-col-33 elementor-top-column elementor-element elementor-element-b6e6fe8\" data-id=\"b6e6fe8\" data-element_type=\"column\" data-e-type=\"column\">\n\t\t\t<div class=\"elementor-widget-wrap elementor-element-populated\">\n\t\t\t\t\t\t<div class=\"elementor-element elementor-element-e6b7c21 elementor-widget elementor-widget-heading\" data-id=\"e6b7c21\" data-element_type=\"widget\" data-e-type=\"widget\" data-widget_type=\"heading.default\">\n\t\t\t\t<div class=\"elementor-widget-container\">\n\t\t\t\t\t<h2 class=\"elementor-heading-title elementor-size-default\">PARIS<\/h2>\t\t\t\t<\/div>\n\t\t\t\t<\/div>\n\t\t\t\t<div class=\"elementor-element elementor-element-4e18243 elementor-widget elementor-widget-text-editor\" data-id=\"4e18243\" data-element_type=\"widget\" data-e-type=\"widget\" data-widget_type=\"text-editor.default\">\n\t\t\t\t<div class=\"elementor-widget-container\">\n\t\t\t\t\t\t\t\t\t<p><a href=\"https:\/\/motsbouche.com\/\"><strong>LES MOTS \u00c0 LA BOUCHE<\/strong><\/a><br \/>37 Rue Saint-Ambroise, 75011 Par\u00eds, Francia<\/p>\n\t\t\t\t\t\t\t\t<\/div>\n\t\t\t\t<\/div>\n\t\t\t\t\t<\/div>\n\t\t<\/div>\n\t\t\t\t<div class=\"elementor-column elementor-col-33 elementor-top-column elementor-element elementor-element-77722fb\" data-id=\"77722fb\" data-element_type=\"column\" data-e-type=\"column\">\n\t\t\t<div class=\"elementor-widget-wrap elementor-element-populated\">\n\t\t\t\t\t\t<div class=\"elementor-element elementor-element-9cc6354 elementor-widget elementor-widget-heading\" data-id=\"9cc6354\" data-element_type=\"widget\" data-e-type=\"widget\" data-widget_type=\"heading.default\">\n\t\t\t\t<div class=\"elementor-widget-container\">\n\t\t\t\t\t<h2 class=\"elementor-heading-title elementor-size-default\">NEW YORK<\/h2>\t\t\t\t<\/div>\n\t\t\t\t<\/div>\n\t\t\t\t<div class=\"elementor-element elementor-element-dbd7546 elementor-widget elementor-widget-text-editor\" data-id=\"dbd7546\" data-element_type=\"widget\" data-e-type=\"widget\" data-widget_type=\"text-editor.default\">\n\t\t\t\t<div class=\"elementor-widget-container\">\n\t\t\t\t\t\t\t\t\t<p><a href=\"https:\/\/www.printedmatter.org\/\"><strong>PRINTED MATTER, Inc.<\/strong><\/a><br \/>231 11th Avenue. New York, NY10001<\/p>\n<p><a href=\"https:\/\/bookshop.org\/shop\/bgsqd\"><strong>BUREAU OF GENERAL SERVICES\u2013QUEER DIVISION<\/strong><\/a><br \/>@The Lesbian, Gay, Bisexual &amp; Transgender Community Center<br \/>208 West 13thStreet, Room 210,New York, NY 10011<\/p>\n\t\t\t\t\t\t\t\t<\/div>\n\t\t\t\t<\/div>\n\t\t\t\t\t<\/div>\n\t\t<\/div>\n\t\t\t\t<div class=\"elementor-column elementor-col-33 elementor-top-column elementor-element elementor-element-41b9911\" data-id=\"41b9911\" data-element_type=\"column\" data-e-type=\"column\">\n\t\t\t<div class=\"elementor-widget-wrap\">\n\t\t\t\t\t\t\t<\/div>\n\t\t<\/div>\n\t\t\t\t\t<\/div>\n\t\t<\/section>\n\t\t\t\t<\/div>\n\t\t","protected":false},"excerpt":{"rendered":"<p>POINTS OF SALE Check here the list of libraries and physical stores where you can buy a copy of HAIRY MAGAZINE. BARCELONA LLIBRERIA FREE TIMECarrer del Comte d&#8217;Urgell, 32, 08011 Barcelona LIBRERIA ANTINOUSCarrer de Casanova, 72, 08011 Barcelona ODD KIOSKCarrer de Val\u00e8ncia, 222, 08011 Barcelona LIBRER\u00cdA PROLECarrer del Comte Borrell, 100, 08015 Barcelona FINESTRESCarrer de [&hellip;]<\/p>\n","protected":false},"author":1,"featured_media":0,"parent":0,"menu_order":0,"comment_status":"closed","ping_status":"closed","template":"elementor_header_footer","meta":{"_monsterinsights_skip_tracking":false,"_monsterinsights_sitenote_active":false,"_monsterinsights_sitenote_note":"","_monsterinsights_sitenote_category":0,"footnotes":""},"class_list":["post-4067","page","type-page","status-publish","hentry"],"aioseo_notices":[],"jetpack_sharing_enabled":true,"_links":{"self":[{"href":"https:\/\/hairymag.com\/en\/wp-json\/wp\/v2\/pages\/4067","targetHints":{"allow":["GET"]}}],"collection":[{"href":"https:\/\/hairymag.com\/en\/wp-json\/wp\/v2\/pages"}],"about":[{"href":"https:\/\/hairymag.com\/en\/wp-json\/wp\/v2\/types\/page"}],"author":[{"embeddable":true,"href":"https:\/\/hairymag.com\/en\/wp-json\/wp\/v2\/users\/1"}],"replies":[{"embeddable":true,"href":"https:\/\/hairymag.com\/en\/wp-json\/wp\/v2\/comments?post=4067"}],"version-history":[{"count":2,"href":"https:\/\/hairymag.com\/en\/wp-json\/wp\/v2\/pages\/4067\/revisions"}],"predecessor-version":[{"id":5135,"href":"https:\/\/hairymag.com\/en\/wp-json\/wp\/v2\/pages\/4067\/revisions\/5135"}],"wp:attachment":[{"href":"https:\/\/hairymag.com\/en\/wp-json\/wp\/v2\/media?parent=4067"}],"curies":[{"name":"wp","href":"https:\/\/api.w.org\/{rel}","templated":true}]}}